{"id":8550,"date":"2022-10-03T16:01:40","date_gmt":"2022-10-03T16:01:40","guid":{"rendered":"https:\/\/www.turnoffthelights.com\/support\/?page_id=8550"},"modified":"2023-01-27T21:58:27","modified_gmt":"2023-01-27T21:58:27","slug":"tableau-de-bord-choisissez-votre-produit","status":"publish","type":"page","link":"https:\/\/www.turnoffthelights.com\/support\/fr\/tableau-de-bord-choisissez-votre-produit\/","title":{"rendered":"Tableau de bord &#8211; Choisissez votre produit"},"content":{"rendered":"\n<div class=\"productlist\">\n<ul class=\"support-grid\">\n\t<li><a title=\"Extension de navigateur&nbsp;: il peut s'agir d'une extension Chrome, d'une extension Firefox, d'une extension Opera, d'une extension Microsoft Edge ou d'une extension Safari.\" href=\"\/support\/dashboard\/browser-extension\/\"><div class=\"btn-browser-extension\"><\/div><div class=\"title\">Browser Extension<\/div><\/a><\/li>\n\t<li><a title=\"Th\u00e8me du navigateur : obtenez un th\u00e8me sombre qui convient \u00e0 toutes les t\u00e2ches du navigateur Web\" href=\"\/support\/dashboard\/browser-theme\/\"><div class=\"btn-browser-theme\"><\/div><div class=\"title\">Browser Theme<\/div><\/a><\/li>\n\t<li><a title=\"Application de bureau&nbsp;: cela peut \u00eatre un Mac ou une application Windows\" href=\"\/support\/dashboard\/desktop-app\/\"><div class=\"btn-desktop-app\"><\/div><div class=\"title\">Desktop App<\/div><\/a><\/li>\n\t<li><a title=\"Application mobile : Cela peut \u00eatre une application iOS, Android ou Windows Phone\" href=\"\/support\/dashboard\/mobile-app\/\"><div class=\"btn-mobile-app\"><\/div><div class=\"title\">Mobile App<\/div><\/a><\/li>\n\t<li><a title=\"Assistant personnel&nbsp;: il peut s'agir d'une application Google&nbsp;Assistant pour votre appareil Google&nbsp;Home\" href=\"\/support\/dashboard\/personal-assistant\/\"><div class=\"btn-personal-assistant\"><\/div><div class=\"title\">Personal Assistant<\/div><\/a><\/li>\n\t<li><a title=\"\u00c0 propos du projet : En savoir plus sur le projet\" href=\"\/support\/dashboard\/about-project\/\"><div class=\"btn-about-project\"><\/div><div class=\"title\">About Project<\/div><\/a><\/li>\n\t<\/ul>\n<\/div>\n\n\n\n<hr class=\"wp-block-separator has-css-opacity\"\/>\n\n\n\n<div style=\"height:100px\" aria-hidden=\"true\" class=\"wp-block-spacer\"><\/div>\n\n\n\n<div class=\"wp-block-media-text alignwide has-media-on-the-right\" style=\"grid-template-columns:auto 31%\"><div class=\"wp-block-media-text__content\">\n<h2 class=\"wp-block-heading\">Comment utiliser l&#8217;extension Turn Off the Lights Browser dans votre navigateur Web pr\u00e9f\u00e9r\u00e9 ?<\/h2>\n\n\n\n<p>En savoir plus sur toutes les fonctionnalit\u00e9s \u00e9tonnantes et utiles de l&#8217;extension de navigateur Turn Off the Lights. Ainsi, vous avez la meilleure exp\u00e9rience Web dans votre navigateur Web pr\u00e9f\u00e9r\u00e9 comme jamais auparavant. Simple, facile et gratuit.<\/p>\n\n\n\n<p><a aria-label=\" (opens in a new tab)\" href=\"https:\/\/www.youtube.com\/watch?v=3MXqzEkRT0g&amp;list=PLxPzk_0jENdDE4L9hogibNW-8JdLQLHD5\" target=\"_blank\" rel=\"noreferrer noopener\">Regardez la vid\u00e9o sur YouTube<\/a><\/p>\n<\/div><figure class=\"wp-block-media-text__media\"><img decoding=\"async\" width=\"1024\" height=\"576\" src=\"https:\/\/www.turnoffthelights.com\/support\/wp-content\/uploads\/2020\/03\/how-to-install-the-turn-off-the-lights-chrome-extension-in-google-chrome-1024x576.png\" alt=\"How to install the Turn Off the Lights Chrome extension\" class=\"wp-image-3955 size-full\" srcset=\"https:\/\/www.turnoffthelights.com\/support\/wp-content\/uploads\/2020\/03\/how-to-install-the-turn-off-the-lights-chrome-extension-in-google-chrome-1024x576.png 1024w, https:\/\/www.turnoffthelights.com\/support\/wp-content\/uploads\/2020\/03\/how-to-install-the-turn-off-the-lights-chrome-extension-in-google-chrome-300x169.png 300w, https:\/\/www.turnoffthelights.com\/support\/wp-content\/uploads\/2020\/03\/how-to-install-the-turn-off-the-lights-chrome-extension-in-google-chrome-768x432.png 768w, https:\/\/www.turnoffthelights.com\/support\/wp-content\/uploads\/2020\/03\/how-to-install-the-turn-off-the-lights-chrome-extension-in-google-chrome-60x34.png 60w, https:\/\/www.turnoffthelights.com\/support\/wp-content\/uploads\/2020\/03\/how-to-install-the-turn-off-the-lights-chrome-extension-in-google-chrome-150x84.png 150w, https:\/\/www.turnoffthelights.com\/support\/wp-content\/uploads\/2020\/03\/how-to-install-the-turn-off-the-lights-chrome-extension-in-google-chrome.png 1280w\" sizes=\"(max-width: 1024px) 100vw, 1024px\" \/><\/figure><\/div>\n\n\n\n<div style=\"height:56px\" aria-hidden=\"true\" class=\"wp-block-spacer\"><\/div>\n\n\n\n<hr class=\"wp-block-separator has-css-opacity\"\/>\n\n\n\n<div style=\"height:100px\" aria-hidden=\"true\" class=\"wp-block-spacer\"><\/div>\n\n\n\n<div class=\"wp-block-media-text alignwide\" style=\"grid-template-columns:33% auto\"><figure class=\"wp-block-media-text__media\"><img decoding=\"async\" width=\"1024\" height=\"275\" src=\"https:\/\/www.turnoffthelights.com\/support\/wp-content\/uploads\/2019\/11\/support-turn-off-the-lights-project-1024x275.png\" alt=\"How to support the Turn Off the Lights project\" class=\"wp-image-3164 size-full\" srcset=\"https:\/\/www.turnoffthelights.com\/support\/wp-content\/uploads\/2019\/11\/support-turn-off-the-lights-project-1024x275.png 1024w, https:\/\/www.turnoffthelights.com\/support\/wp-content\/uploads\/2019\/11\/support-turn-off-the-lights-project-300x81.png 300w, https:\/\/www.turnoffthelights.com\/support\/wp-content\/uploads\/2019\/11\/support-turn-off-the-lights-project-768x206.png 768w, https:\/\/www.turnoffthelights.com\/support\/wp-content\/uploads\/2019\/11\/support-turn-off-the-lights-project-60x16.png 60w, https:\/\/www.turnoffthelights.com\/support\/wp-content\/uploads\/2019\/11\/support-turn-off-the-lights-project-150x40.png 150w\" sizes=\"(max-width: 1024px) 100vw, 1024px\" \/><\/figure><div class=\"wp-block-media-text__content\">\n<h2 class=\"wp-block-heading\">Comment puis-je soutenir le projet Turn Off the Lights ?<\/h2>\n\n\n\n<p>Chaque contribution est la bienvenue pour am\u00e9liorer cette exp\u00e9rience web et la rendre accessible gratuitement \u00e0 tous les utilisateurs dans le monde. Cela en rapportant de nouvelles id\u00e9es, en traduisant, et en faisant un petit don.<\/p>\n\n\n\n<p><a href=\"https:\/\/www.turnoffthelights.com\/support\/about-the-project\/how-can-i-support-turn-off-the-lights\/\">Contribuez maintenant<\/a><\/p>\n<\/div><\/div>\n\n\n\n<div style=\"height:100px\" aria-hidden=\"true\" class=\"wp-block-spacer\"><\/div>\n\n\n\n<hr class=\"wp-block-separator has-css-opacity\"\/>\n\n\n\n<div style=\"height:100px\" aria-hidden=\"true\" class=\"wp-block-spacer\"><\/div>\n\n\n\n<h2>Popular Articles<\/h2><ul class=\"wpp-list\">\n<li class=\"\"> <a href=\"https:\/\/www.turnoffthelights.com\/support\/browser-extension\/how-to-enable-ao3-dark-mode\/\" class=\"wpp-post-title\" target=\"_self\">AO3 Dark Mode \u2013 Archive of Our Own | How to enable in 2 minutes<\/a> <span class=\"wpp-meta post-stats\"><\/span><\/li>\n<li class=\"\"> <a href=\"https:\/\/www.turnoffthelights.com\/support\/browser-extension\/how-to-enable-amazon-dark-mode\/\" class=\"wpp-post-title\" target=\"_self\">Amazon Dark Mode: How to Enable It on Desktop, Mobile &amp; App (2026)<\/a> <span class=\"wpp-meta post-stats\"><\/span><\/li>\n<li class=\"\"> <a href=\"https:\/\/www.turnoffthelights.com\/support\/browser-extension\/yahoo-dark-mode\/\" class=\"wpp-post-title\" target=\"_self\">How to enable Yahoo Dark Mode for FREE in easily 3 steps?<\/a> <span class=\"wpp-meta post-stats\"><\/span><\/li>\n<li class=\"\"> <a href=\"https:\/\/www.turnoffthelights.com\/support\/browser-extension\/how-to-remove-puzzle-piece-icon-safari\/\" class=\"wpp-post-title\" target=\"_self\">How to easily remove puzzle piece icon Safari (iOS15 and iOS16)? | Help<\/a> <span class=\"wpp-meta post-stats\"><\/span><\/li>\n<li class=\"\"> <a href=\"https:\/\/www.turnoffthelights.com\/support\/browser-extension\/how-to-get-google-translate-dark-mode\/\" class=\"wpp-post-title\" target=\"_self\">How to get Google Translate Dark Mode in 3 easy steps?<\/a> <span class=\"wpp-meta post-stats\"><\/span><\/li>\n<li class=\"\"> <a href=\"https:\/\/www.turnoffthelights.com\/support\/browser-extension\/how-to-remove-blocked-extensions-on-a-school-chromebook\/\" class=\"wpp-post-title\" target=\"_self\">How to Remove Blocked Extensions on a School Chromebook 2026<\/a> <span class=\"wpp-meta post-stats\"><\/span><\/li>\n<li class=\"\"> <a href=\"https:\/\/www.turnoffthelights.com\/support\/browser-extension\/how-to-enable-pinterest-dark-mode-for-free\/\" class=\"wpp-post-title\" target=\"_self\">How to enable Pinterest Dark Mode for FREE (in 3 easy steps)?<\/a> <span class=\"wpp-meta post-stats\"><\/span><\/li>\n<li class=\"\"> <a href=\"https:\/\/www.turnoffthelights.com\/support\/browser-extension\/how-to-enable-the-yandex-dark-mode-for-free-turn-off-the-lights\/\" class=\"wpp-post-title\" target=\"_self\">How to enable Yandex Dark Mode that completely FREE (0$)?<\/a> <span class=\"wpp-meta post-stats\"><\/span><\/li>\n<li class=\"\"> <a href=\"https:\/\/www.turnoffthelights.com\/support\/browser-extension\/chat-gpt-dark-mode\/\" class=\"wpp-post-title\" target=\"_self\">Chat GPT Dark Mode: Making Conversations Easier on the Eyes<\/a> <span class=\"wpp-meta post-stats\"><\/span><\/li>\n<li class=\"\"> <a href=\"https:\/\/www.turnoffthelights.com\/support\/browser-extension\/ometv-dark-mode\/\" class=\"wpp-post-title\" target=\"_self\">Unveiling OmeTV Dark Mode: The Ultimate Guide<\/a> <span class=\"wpp-meta post-stats\"><\/span><\/li>\n\n<\/ul>\n\n\n\n<div style=\"height:100px\" aria-hidden=\"true\" class=\"wp-block-spacer\"><\/div>\n\n\n\n<hr class=\"wp-block-separator has-css-opacity\"\/>\n\n\n\n<div class=\"contactus\"><a class=\"supportitem\" href=\"https:\/\/www.turnoffthelights.com\/support\/contact-us\/\"><img decoding=\"async\" src=\"https:\/\/www.turnoffthelights.com\/support\/wp-content\/uploads\/2016\/11\/turn-off-the-lights-email-support.png\" alt=\"Turn Off the Lights email support - Contact Us 24h\/7\" width=\"220\" height=\"80\"><\/a><a class=\"supportitem\" href=\"https:\/\/assistant.google.com\/services\/invoke\/uid\/000000c04d6b5f8c\" target=\"_blank\" rel=\"noopener noreferrer\"><img decoding=\"async\" src=\"https:\/\/www.turnoffthelights.com\/support\/wp-content\/uploads\/2017\/12\/totl-google-assistant-support-chat.png\" alt=\"Turn Off the Lights Support for Google Assistant\" width=\"220\" height=\"80\"><\/a><div class=\"abc\"><div class=\"apple-business-chat-banner-container\" data-apple-business-id=\"34efe1a7-2fb7-4eae-983b-82fe909d2cf7\" data-apple-banner-cta=\"Questions? We can help.\" data-apple-banner-context=\"Chat with one of our pros to solve your problem or learn more about an amazing feature.\" data-apple-banner-rounded-corners=\"false\" data-apple-banner-orientation=\"horizontally\" data-apple-banner-font-family=\"Verdana\" data-apple-banner-scale=\"1.07\" data-apple-banner-background-color=\"rgb(255, 255, 255)\" data-apple-banner-text-color=\"rgb(0, 0, 0)\" data-apple-banner-icon-background-color=\"rgb(239, 239, 244)\" data-apple-banner-icon-color=\"rgb(0, 122, 255)\" data-apple-banner-orientation=\"vertical\"><\/div><\/div><\/div>\n\n\n\n<hr class=\"wp-block-separator has-css-opacity\"\/>\n\n\n\n<p><\/p>\n","protected":false},"excerpt":{"rendered":"<p>Browser Extension Browser Theme Desktop App Mobile App Personal Assistant About Project Comment utiliser l&#8217;extension Turn Off the Lights Browser dans votre navigateur Web pr\u00e9f\u00e9r\u00e9 ? En savoir plus sur toutes les fonctionnalit\u00e9s \u00e9tonnantes et utiles de l&#8217;extension de navigateur Turn Off the Lights. Ainsi, vous avez la meilleure exp\u00e9rience Web dans votre navigateur Web [&hellip;]<\/p>\n","protected":false},"author":1,"featured_media":0,"parent":0,"menu_order":0,"comment_status":"closed","ping_status":"closed","template":"","meta":{"footnotes":""},"class_list":["post-8550","page","type-page","status-publish","hentry"],"lang":"fr","translations":{"fr":8550,"en":3918,"es":5158,"zh":6547,"ru":6553,"de":15418,"ja":19644},"pll_sync_post":[],"_links":{"self":[{"href":"https:\/\/www.turnoffthelights.com\/support\/wp-json\/wp\/v2\/pages\/8550","targetHints":{"allow":["GET"]}}],"collection":[{"href":"https:\/\/www.turnoffthelights.com\/support\/wp-json\/wp\/v2\/pages"}],"about":[{"href":"https:\/\/www.turnoffthelights.com\/support\/wp-json\/wp\/v2\/types\/page"}],"author":[{"embeddable":true,"href":"https:\/\/www.turnoffthelights.com\/support\/wp-json\/wp\/v2\/users\/1"}],"replies":[{"embeddable":true,"href":"https:\/\/www.turnoffthelights.com\/support\/wp-json\/wp\/v2\/comments?post=8550"}],"version-history":[{"count":2,"href":"https:\/\/www.turnoffthelights.com\/support\/wp-json\/wp\/v2\/pages\/8550\/revisions"}],"predecessor-version":[{"id":9019,"href":"https:\/\/www.turnoffthelights.com\/support\/wp-json\/wp\/v2\/pages\/8550\/revisions\/9019"}],"wp:attachment":[{"href":"https:\/\/www.turnoffthelights.com\/support\/wp-json\/wp\/v2\/media?parent=8550"}],"curies":[{"name":"wp","href":"https:\/\/api.w.org\/{rel}","templated":true}]}}